{"id":177,"date":"2025-02-04T20:51:54","date_gmt":"2025-02-04T19:51:54","guid":{"rendered":"https:\/\/www.kttb.pl\/?page_id=177"},"modified":"2025-07-16T09:36:48","modified_gmt":"2025-07-16T07:36:48","slug":"ranking-top","status":"publish","type":"page","link":"https:\/\/www.kttb.pl\/index.php\/ranking-top\/","title":{"rendered":"Ranking TOP"},"content":{"rendered":"\n<p class=\"has-text-align-center has-contrast-color has-text-color has-link-color has-x-small-font-size wp-elements-ed75e8eba357b684e1d36729c9103b80\">Ranking TOP organizowany jest dla ps\u00f3w cz\u0142onk\u00f3w Klubu z op\u0142acon\u0105 bie\u017c\u0105c\u0105 sk\u0142adk\u0105.<br>Jest to podsumowanie osi\u0105gni\u0119\u0107 wystawowych z b.r danego psa oraz przeliczenie ich systemem punktowym,<br>aby wy\u0142oni\u0107 zwyci\u0119zce w poszczeg\u00f3lnych kategoriach: <strong>TOP TTB, TOP JUNIOR, TOP WETERAN<\/strong>.<br>Kategorie s\u0105 podzielone wiekowo oraz klasowo. Aby wzi\u0105\u0107 udzia\u0142 w rankingu nale\u017cy do 31 marca b.r wys\u0142a\u0107 zg\u0142oszenie swojego psa na adres email: <a href=\"mailto:ranking@kttb.pl\">ranking@kttb.pl<\/a><br>Oficjalne og\u0142oszenie wynik\u00f3w oraz wr\u0119czenie nagr\u00f3d ma miejsce na wystawie Klubowej organizowanej w lipcu.<br><br>SERDECZNIE ZAPRASZAMY !<\/p>\n\n\n\n<div style=\"height:25px\" aria-hidden=\"true\" class=\"wp-block-spacer\"><\/div>\n\n\n\n<div class=\"wp-block-buttons is-content-justification-center is-layout-flex wp-container-core-buttons-is-layout-a89b3969 wp-block-buttons-is-layout-flex\">\n<div class=\"wp-block-button\"><a class=\"wp-block-button__link wp-element-button\" href=\"https:\/\/www.kttb.pl\/wp-content\/uploads\/2025\/02\/regulamin-top.pdf\" style=\"padding-top:5px;padding-right:var(--wp--preset--spacing--x-small);padding-bottom:5px;padding-left:var(--wp--preset--spacing--x-small)\" target=\"_blank\" rel=\"noreferrer noopener\">Regulamin&nbsp;rankingu<\/a><\/div>\n\n\n\n<div class=\"wp-block-button is-style-fill\"><a class=\"wp-block-button__link wp-element-button\" href=\"https:\/\/www.kttb.pl\/wp-content\/uploads\/2025\/02\/punktacja.pdf\" style=\"padding-top:5px;padding-right:var(--wp--preset--spacing--x-small);padding-bottom:5px;padding-left:var(--wp--preset--spacing--x-small)\">Punktacja<\/a><\/div>\n<\/div>\n\n\n\n<h5 class=\"wp-block-heading has-text-align-center has-border-color has-system-font-font-family\" style=\"border-color:#727272;border-width:1px;padding-top:var(--wp--preset--spacing--x-small);padding-bottom:var(--wp--preset--spacing--x-small);line-height:1.7\">PRZYPOMINAMY O UREGULOWANIU SK\u0141ADKI<br>Prosimy wszystkie osoby, kt\u00f3re s\u0105 cz\u0142onkami Klubu, o uregulowanie sk\u0142adek cz\u0142onkowskich.<\/h5>\n\n\n\n<div style=\"height:50px\" aria-hidden=\"true\" class=\"wp-block-spacer\"><\/div>\n\n\n\n<h2 class=\"wp-block-heading has-text-align-center\"><strong>Wyniki Ranking\u00f3w<\/strong><\/h2>\n\n\n\n<div class=\"wp-block-buttons is-layout-flex wp-block-buttons-is-layout-flex\">\n<div class=\"wp-block-button\"><a class=\"wp-block-button__link wp-element-button\" href=\"https:\/\/www.kttb.pl\/index.php\/2025\/06\/02\/ranking-wystawowy-2024\/\">2024<\/a><\/div>\n<\/div>\n\n\n\n<p><\/p>\n","protected":false},"excerpt":{"rendered":"<p>Ranking TOP organizowany jest dla ps\u00f3w cz\u0142onk\u00f3w Klubu z op\u0142acon\u0105 bie\u017c\u0105c\u0105 sk\u0142adk\u0105.Jest to podsumowanie osi\u0105gni\u0119\u0107 wystawowych z b.r danego psa oraz przeliczenie ich systemem punktowym,aby wy\u0142oni\u0107 zwyci\u0119zce w poszczeg\u00f3lnych kategoriach: TOP TTB, TOP JUNIOR, TOP WETERAN.Kategorie s\u0105 podzielone wiekowo oraz klasowo. Aby wzi\u0105\u0107 udzia\u0142 w rankingu nale\u017cy do 31 marca b.r wys\u0142a\u0107 zg\u0142oszenie swojego psa [&hellip;]<\/p>\n","protected":false},"author":1,"featured_media":0,"parent":0,"menu_order":0,"comment_status":"closed","ping_status":"closed","template":"","meta":{"footnotes":""},"class_list":["post-177","page","type-page","status-publish","hentry"],"_links":{"self":[{"href":"https:\/\/www.kttb.pl\/index.php\/wp-json\/wp\/v2\/pages\/177","targetHints":{"allow":["GET"]}}],"collection":[{"href":"https:\/\/www.kttb.pl\/index.php\/wp-json\/wp\/v2\/pages"}],"about":[{"href":"https:\/\/www.kttb.pl\/index.php\/wp-json\/wp\/v2\/types\/page"}],"author":[{"embeddable":true,"href":"https:\/\/www.kttb.pl\/index.php\/wp-json\/wp\/v2\/users\/1"}],"replies":[{"embeddable":true,"href":"https:\/\/www.kttb.pl\/index.php\/wp-json\/wp\/v2\/comments?post=177"}],"version-history":[{"count":15,"href":"https:\/\/www.kttb.pl\/index.php\/wp-json\/wp\/v2\/pages\/177\/revisions"}],"predecessor-version":[{"id":307,"href":"https:\/\/www.kttb.pl\/index.php\/wp-json\/wp\/v2\/pages\/177\/revisions\/307"}],"wp:attachment":[{"href":"https:\/\/www.kttb.pl\/index.php\/wp-json\/wp\/v2\/media?parent=177"}],"curies":[{"name":"wp","href":"https:\/\/api.w.org\/{rel}","templated":true}]}}